{"id":247,"date":"2015-09-21T16:55:41","date_gmt":"2015-09-21T14:55:41","guid":{"rendered":"https:\/\/dyrecta.com\/lab\/?page_id=247"},"modified":"2024-11-27T10:16:40","modified_gmt":"2024-11-27T09:16:40","slug":"chi-siamo","status":"publish","type":"page","link":"https:\/\/www.dyrecta.com\/lab\/chi-siamo\/","title":{"rendered":"Chi siamo"},"content":{"rendered":"<p>[vc_row][vc_column][vc_column_text]<\/p>\n<p><img loading=\"lazy\" width=\"1200\" height=\"209\" class=\"size-full wp-image-388\" style=\"max-width: 103%; height: auto; margin-left: -15px;\" src=\"https:\/\/www.dyrecta.com\/lab\/wp-content\/uploads\/2015\/09\/chi-siamo-ricerca.jpg\" alt=\"corporate buildings in perspective\" srcset=\"https:\/\/www.dyrecta.com\/lab\/wp-content\/uploads\/2015\/09\/chi-siamo-ricerca.jpg 1200w, https:\/\/www.dyrecta.com\/lab\/wp-content\/uploads\/2015\/09\/chi-siamo-ricerca-300x52.jpg 300w, https:\/\/www.dyrecta.com\/lab\/wp-content\/uploads\/2015\/09\/chi-siamo-ricerca-1024x178.jpg 1024w\" sizes=\"(max-width: 1200px) 100vw, 1200px\" \/><\/p>\n<p>[\/vc_column_text][vc_column_text]<\/p>\n<div class=\"col-md-6\">\n<p class=\"left-align\"><strong>Dyrecta Lab<\/strong>\u00a0\u00e8 una societ\u00e0 composta da un team di 40 elementi\u00a0creativi, dinamici\u00a0ed altamente qualificati. L&#8217;istituto di Ricerca \u00e8 formato da <strong>ricercatori, ingegneri e tecnici<\/strong>. Nasce come azienda specializzata nell&#8217;integrazione di sistemi software ed hardware del comparto ICT fino a diventare dal 2010 un <strong>Laboratorio di Ricerca Scientifica del MIUR <\/strong>e successivamente nel 2014 un<strong> Istituto di Ricerca<\/strong>. La capacit\u00e0 principale \u00e8 quella di adeguarsi alle esigenze dei clienti, ricercando ed offrendo sempre soluzioni innovative.<\/p>\n<\/div>\n<div class=\"col-md-6\">\n<p class=\"left-align\">Potendo disporre di <strong>ricercatori specializzati in informatica ed elettronica<\/strong> pu\u00f2 offrire progettazione di sistemi integrati. Dyrecta Lab ha offerto la propria competenza con ottimi risultati ad aziende private di tipo commerciale, di produzione, logistica, di servizi e agricole. Vanta inoltre diversi progetti di ricerca realizzati in partenariato con importanti universit\u00e0 europee.<\/p>\n<\/div>\n<p>[\/vc_column_text][\/vc_column][\/vc_row][vc_row][vc_column][vc_empty_space][vc_row_inner][vc_column_inner][vc_video link=&#8221;https:\/\/youtu.be\/hxQAe7Rp95o&#8221; align=&#8221;center&#8221;][\/vc_column_inner][\/vc_row_inner][\/vc_column][\/vc_row][vc_row][vc_column width=&#8221;2\/3&#8243;][vc_column_text el_class=&#8221;d-none&#8221;]<\/p>\n<p style=\"text-align: justify;\"><strong>Membership<\/strong><\/p>\n<div style=\"padding: 10px; background-color: #f2f2f2; border-radius: 8px; margin-bottom: 20px;\">\n<div style=\"display: inline-block; margin-bottom: 20px;\"><a href=\"https:\/\/www.ieee.org\/\" target=\"_blank\" rel=\"noopener noreferrer\"><img class=\"wp-image-396\" src=\"https:\/\/www.dyrecta.com\/lab\/wp-content\/uploads\/2019\/02\/iee.png\" alt=\"\" width=\"159\" \/><\/a><a href=\"https:\/\/www.imeko.org\/index.php\/tc19-homepage\" target=\"_blank\" rel=\"noopener noreferrer\"><img class=\"wp-image-396\" src=\"https:\/\/www.dyrecta.com\/lab\/wp-content\/uploads\/2019\/02\/imeko.png\" alt=\"\" width=\"515\" \/><\/a><\/div>\n<p>Dyrecta Lab riceve la <b>certificazione di Membership a IMEKO TC19<\/b>, Confederazione Internazionale per le Misurazioni, \u00a0nello specifico di misurazioni ambientali.<\/p>\n<\/div>\n<div style=\"padding: 10px; background-color: #f2f2f2; border-radius: 8px; margin-bottom: 20px;\">\n<div style=\"display: inline-block; margin-bottom: 20px;\"><\/div>\n<div style=\"display: inline-block; margin-bottom: 20px;\"><\/div>\n<div style=\"display: inline-block; margin-bottom: 20px;\"><a href=\" http:\/\/ieeeaccess.ieee.org\"><img loading=\"lazy\" class=\"wp-image-4137 size-full aligncenter\" src=\"https:\/\/www.dyrecta.com\/lab\/wp-content\/uploads\/2015\/09\/unnamed.png\" alt=\"unnamed\" width=\"314\" height=\"96\" srcset=\"https:\/\/www.dyrecta.com\/lab\/wp-content\/uploads\/2015\/09\/unnamed.png 314w, https:\/\/www.dyrecta.com\/lab\/wp-content\/uploads\/2015\/09\/unnamed-300x92.png 300w\" sizes=\"(max-width: 314px) 100vw, 314px\" \/><\/a><\/div>\n<div style=\"display: inline-block; margin-bottom: 20px;\">Dyrecta Lab \u00e8 stata <strong>nominata come Associate Editor<\/strong> della rivista scientifica <strong><a href=\"http:\/\/ieeeaccess.ieee.org\">IEEE<em> Access<\/em><\/a>\u00a0, <\/strong>la<strong>\u00a0<\/strong>rivista pubblicata dall&#8217;Institute of Electrical and Electronics Engineers (IEEE).<\/div>\n<\/div>\n<p>[\/vc_column_text][vc_column_text]<\/p>\n<p style=\"text-align: justify;\"><strong>Certificazioni<\/strong><\/p>\n<div style=\"padding: 10px; background-color: #f2f2f2; border-radius: 8px; margin-bottom: 20px;\">\n<p><img loading=\"lazy\" class=\"alignleft wp-image-396\" src=\"https:\/\/www.dyrecta.com\/lab\/wp-content\/uploads\/2018\/10\/iso13485.png\" alt=\"\" width=\"100\" height=\"100\" \/>Dyrecta Lab ha conseguito la <strong>certificazione ISO 13845:2016<\/strong>. Questa certificazione offre delle garanzie relative al Sistema di Gestione per la Qualit\u00e0, all\u2019approccio di gestione del rischio, alla validazione dei processi, alla conformit\u00e0 a leggi e normative e a Sistemi di tracciabilit\u00e0 del prodotto.<\/p>\n<p style=\"text-align: justify;\">Tali requisiti si tramutano in soddisfazione dei clienti, riduzione dei costi operativi e miglioramento della gestione del rischio grazie alla completa tracciabilit\u00e0 dei prodotti e dei servizi. Essere certificati vuol anche dire essere controllati da una societ\u00e0 esterna indipendente. La certificazione ISO consente di partecipare a gare e bandi per forniture a qualsiasi livello nel settore dei dispositivi medici e della filiera farmaceutica.<\/p>\n<\/div>\n<div style=\"padding: 10px; background-color: #f2f2f2; border-radius: 8px;\">\n<p><img loading=\"lazy\" class=\"wp-image-396 alignleft\" src=\"https:\/\/www.dyrecta.com\/lab\/wp-content\/uploads\/2015\/09\/91_ISO9001_rgb_180.png\" alt=\"\" width=\"100\" height=\"100\" \/><\/p>\n<p>Dyrecta Lab ha implementato un sistema di gestione aziendale per la qualit\u00e0 secondo la norma <a href=\"https:\/\/www.dyrecta.com\/lab\/wp-content\/uploads\/2024\/11\/Allegato-1-Politica-qualita-rev.01_sito.pdf\" target=\"_blank\" rel=\"noopener noreferrer\"><strong>UNI EN ISO 9001:2015<\/strong><\/a>. Il certificato, rilasciato da <strong>Tuv Italia Srl<\/strong>, \u00e8 valido per i seguenti campi di applicazione:<\/p>\n<p>&nbsp;<\/p>\n<\/div>\n<div style=\"padding: 10px; background-color: #f2f2f2; border-radius: 8px;\">\n<ul>\n<li>Progettazione e sviluppo di applicazioni software ed erogazione di servizi informatici correlati (assistenza e manutenzione software);<\/li>\n<li>Ricerca industriale nel settore informatico ed elettronico.<\/li>\n<li>Progettazione ed erogazione di corsi di formazione per la qualificazione in ambito informatico e per tutte le tematiche collegate.<br \/>\n(IAF 33, 34, 37)<\/li>\n<\/ul>\n<p style=\"text-align: justify;\">Per aderire agli standard tecnologici di riferimento riconoscibili a livello internazionale il team di Dyrecta Lab ha conseguito certificazioni rilasciate dai principali venditori di tecnologie ed \u00e8 costantemente impegnato sul fronte della formazione continua. Dyrecta Lab in tal senso ha conseguito la certificazione di Zyxel Solution\u00a0diventando partner Certified.\u00a0Gli specialisti Dyrecta Lab hanno superato esami ad alto contenuto professionale che consentono loro di fornire supporto, servizi e soluzioni ottimali alle imprese di ogni dimensione.<\/p>\n<\/div>\n<p>[\/vc_column_text][vc_column_text]<\/p>\n<p style=\"text-align: justify;\"><strong>CENTRO DI TRASFERIMENTO TECNOLOGICO INDUSTRIA 4.0<\/strong><\/p>\n<div style=\"padding: 10px; background-color: #f2f2f2; border-radius: 8px; margin-bottom: 20px; text-align: justify;\">\n<p><strong>Dyrecta Lab<\/strong> da 16 Dicembre 2020 \u00e8 certificata come <a href=\"https:\/\/www.dyrecta.com\/lab\/wp-content\/uploads\/2024\/05\/MOD-B.1.7-06-Scheda-DyrectaLAB.pdf\" target=\"_blank\" rel=\"noopener noreferrer\"><strong>Centro di Trasferimento Tecnologico Industria 4.0<\/strong><\/a>, il cui funzionamento \u00e8 disciplinato dal decreto 22 dicembre 2017 del\u00a0Ministero dello<br \/>\nSviluppo Economico.<br \/>\nLe attivit\u00e0 svolte in qualit\u00e0 di Centro di Trasferimento Tecnologico Industria 4.0 comprendono le attivit\u00e0 di formazione e consulenza tecnologica, nonch\u00e9 di erogazione di servizi di trasferimento tecnologico verso le imprese negli ambiti di operativit\u00e0 individuati dal ministero dello Sviluppo economico.<\/p>\n<p>La Certificazione rilasciata dalla Unioncamere (Unione italiana delle camere di commercio, industria, artigianato ed agricoltura) in base ai criteri stabiliti dal MISE, attesta le competenze di Dyrecta negli ambiti tecnologici:<br \/>\n<span style=\"width: 15px; display: inline-block; text-align: center;\">A<\/span>&#8211; Soluzioni per la manifattura avanzata<br \/>\n<span style=\"width: 15px; display: inline-block; text-align: center;\">C<\/span> &#8211; Realt\u00e0 aumentata e realt\u00e0 virtuale<br \/>\n<span style=\"width: 15px; display: inline-block; text-align: center;\">D<\/span> &#8211; Simulazione di prodotto e\/o di sistemi produttivi e\/o logistici<br \/>\n<span style=\"width: 15px; display: inline-block; text-align: center;\">E<\/span> &#8211; Integrazione verticale e orizzontale<br \/>\n<span style=\"width: 15px; display: inline-block; text-align: center;\">F<\/span> &#8211; Industrial Internet, Internet of Things e\/o Internet of Machines<br \/>\n<span style=\"width: 15px; display: inline-block; text-align: center;\">G<\/span> &#8211; Cloud<br \/>\n<span style=\"width: 15px; display: inline-block; text-align: center;\">H<\/span> &#8211; Cybersicurezza e business continuity<br \/>\n<span style=\"width: 15px; display: inline-block; text-align: center;\">I<\/span>\u00a0&#8211; Big Data e Analytics<br \/>\n<span style=\"width: 15px; display: inline-block; text-align: center;\">J<\/span> &#8211; Sistemi di e-commerce e\/o e-trade<br \/>\n<span style=\"width: 15px; display: inline-block; text-align: center;\">M<\/span> &#8211; Geolocalizzazione<br \/>\n<span style=\"width: 15px; display: inline-block; text-align: center;\">N<\/span> &#8211; Sistemi informativi e gestionali<br \/>\n<span style=\"width: 15px; display: inline-block; text-align: center;\">O<\/span> &#8211; Tecnologie per l&#8217;in-store customer experience<br \/>\n<span style=\"width: 15px; display: inline-block; text-align: center;\">P<\/span> &#8211; RFID, barcode, sistemi di tracking &amp; tracing<br \/>\n<span style=\"width: 15px; display: inline-block; text-align: center;\">Q<\/span> &#8211; System integrator applicata all\u2019automazione dei processi<\/p>\n<\/div>\n<p>[\/vc_column_text][vc_column_text]<\/p>\n<p style=\"text-align: justify; text-transform: uppercase;\"><strong>Albo dei certificatori del credito d\u2019imposta in attivit\u00e0 di ricerca e sviluppo, innovazione tecnologica, design e ideazione estetica<\/strong><\/p>\n<div style=\"padding: 10px; background-color: #f2f2f2; border-radius: 8px; margin-bottom: 20px; text-align: justify;\">\n<p>Dyrecta Lab \u00e8 iscritta all\u2019Albo dei certificatori del credito d\u2019imposta in attivit\u00e0 di ricerca e sviluppo, innovazione tecnologica, design e ideazione estetica <em>di cui all\u2019art. 2 del D.P.C.M. del 15 settembre 2023<\/em>, abilitati al rilascio delle certificazioni delle attivit\u00e0 di R&amp;S e Innovazione tenuto presso la Direzione generale per la politica industriale, l\u2019innovazione e le PMI del Ministero delle imprese e del made in Italy.<\/p>\n<p><a href=\"https:\/\/certificatoricreditors.mimit.gov.it\/Consultazione\" target=\"_blank\" rel=\"noopener noreferrer\">Consulta l&#8217;albo<\/a><\/p>\n<\/div>\n<p>[\/vc_column_text][\/vc_column][vc_column width=&#8221;1\/3&#8243; css=&#8221;.vc_custom_1443023050299{padding-top: 10px !important;padding-right: 10px !important;padding-bottom: 10px !important;padding-left: 10px !important;background-color: #f7f7f7 !important;}&#8221;][vc_column_text css=&#8221;.vc_custom_1443692888380{padding-top: 10px !important;padding-right: 10px !important;padding-bottom: 10px !important;padding-left: 10px !important;}&#8221;]<\/p>\n<h3><strong>Hai un&#8217;idea?<\/strong><\/h3>\n<p>Proponicela e ti aiuteremo a realizzarla.[\/vc_column_text][vc_btn title=&#8221;Contattaci&#8221; style=&#8221;3d&#8221; color=&#8221;green&#8221; size=&#8221;lg&#8221; align=&#8221;center&#8221; button_block=&#8221;true&#8221; link=&#8221;url:%2Fhai-unidea%2F|||&#8221;][vc_empty_space][vc_column_text css=&#8221;.vc_custom_1443692999812{padding-top: 10px !important;padding-right: 10px !important;padding-bottom: 10px !important;padding-left: 10px !important;}&#8221;]<\/p>\n<h3><strong>Collaborazioni e Partnership<\/strong><\/h3>\n<p>Collabora con noi o diventa nostro partner.[\/vc_column_text][vc_btn title=&#8221;Sono un professionista\/Consulente&#8221; style=&#8221;3d&#8221; color=&#8221;green&#8221; size=&#8221;lg&#8221; align=&#8221;center&#8221; button_block=&#8221;true&#8221; link=&#8221;url:%2Fcontatti%2F|||&#8221;][\/vc_column][\/vc_row][vc_row full_width=&#8221;stretch_row&#8221; css=&#8221;.vc_custom_1474983606599{background-image: url(https:\/\/www.dyrecta.com\/lab\/wp-content\/uploads\/2015\/05\/ContactBackground06.jpg?id=2382) !important;background-position: center !important;background-repeat: no-repeat !important;background-size: cover !important;}&#8221;][vc_column][vc_empty_space][vc_empty_space][vc_row_inner el_class=&#8221;nascondimostra&#8221;][vc_column_inner width=&#8221;1\/3&#8243;][vc_column_text]<\/p>\n<h2 style=\"text-indent: -12px!important;\"><strong>CONTATTACI<\/strong><\/h2>\n<p>Vuoi richiedere maggiori informazioni o desideri parlare con noi? Compila il form di contatto, telefonaci o inviaci un email.[\/vc_column_text][vc_column_text]<span class=\"email-contatti\">E-mail: <a href=\"mailto:info@dyrecta.com\">info@dyrecta.com<\/a><\/span><br \/>\n<span class=\"tel-contatti\">Telefono <a href=\"tel:0804958477\"> 080 495 84 77 <\/a><\/span>[\/vc_column_text][\/vc_column_inner][vc_column_inner width=&#8221;2\/3&#8243;]<div role=\"form\" class=\"wpcf7\" id=\"wpcf7-f2343-o1\" lang=\"it-IT\" dir=\"ltr\">\n<div class=\"screen-reader-response\"><\/div>\n<form action=\"\/lab\/wp-json\/wp\/v2\/pages\/247#wpcf7-f2343-o1\" method=\"post\" class=\"wpcf7-form\" novalidate=\"novalidate\">\n<div style=\"display: none;\">\n<input type=\"hidden\" name=\"_wpcf7\" value=\"2343\" \/>\n<input type=\"hidden\" name=\"_wpcf7_version\" value=\"4.7\" \/>\n<input type=\"hidden\" name=\"_wpcf7_locale\" value=\"it_IT\" \/>\n<input type=\"hidden\" name=\"_wpcf7_unit_tag\" value=\"wpcf7-f2343-o1\" \/>\n<input type=\"hidden\" name=\"_wpnonce\" value=\"05ebb4f9ed\" \/>\n<\/div>\n<div class=\"treinput\">\n<span class=\"wpcf7-form-control-wrap text-nome\"><input type=\"text\" name=\"text-nome\" value=\"\" size=\"40\" class=\"wpcf7-form-control wpcf7-text wpcf7-validates-as-required\" aria-required=\"true\" aria-invalid=\"false\" placeholder=\"nome*\" \/><\/span><br \/>\n<span class=\"wpcf7-form-control-wrap text-cognome\"><input type=\"text\" name=\"text-cognome\" value=\"\" size=\"40\" class=\"wpcf7-form-control wpcf7-text wpcf7-validates-as-required\" aria-required=\"true\" aria-invalid=\"false\" placeholder=\"cognome*\" \/><\/span><br \/>\n<span class=\"wpcf7-form-control-wrap text-azienda\"><input type=\"text\" name=\"text-azienda\" value=\"\" size=\"40\" class=\"wpcf7-form-control wpcf7-text\" aria-invalid=\"false\" placeholder=\"azienda\" \/><\/span>\n<\/div>\n<div class=\"dueinput\">\n<span class=\"wpcf7-form-control-wrap youremail\"><input type=\"email\" name=\"youremail\" value=\"\" size=\"40\" class=\"wpcf7-form-control wpcf7-text wpcf7-email wpcf7-validates-as-required wpcf7-validates-as-email\" aria-required=\"true\" aria-invalid=\"false\" placeholder=\"email*\" \/><\/span><br \/>\n<span class=\"wpcf7-form-control-wrap text-telefono\"><input type=\"text\" name=\"text-telefono\" value=\"\" size=\"40\" class=\"wpcf7-form-control wpcf7-text\" aria-invalid=\"false\" placeholder=\"telefono\" \/><\/span>\n<\/div>\n<p><span class=\"wpcf7-form-control-wrap textarea-102\"><textarea name=\"textarea-102\" cols=\"40\" rows=\"10\" class=\"wpcf7-form-control wpcf7-textarea wpcf7-validates-as-required areaditesto\" aria-required=\"true\" aria-invalid=\"false\" placeholder=\"La tua richiesta*\"><\/textarea><\/span><\/p>\n<p><span class=\"wpcf7-form-control-wrap acceptance-866\"><input type=\"checkbox\" name=\"acceptance-866\" value=\"1\" class=\"wpcf7-form-control wpcf7-acceptance\" aria-invalid=\"false\" \/><\/span><span style=\"color: #000000;\">&nbsp;&nbsp;*Esprimo il consenso al trattamento dei dati personali e ho preso visione della <a style=\"color:#000; font-weight:400;\" href=\"informativa-sulla-privacy\">privacy policy<\/a>. <\/span><\/p>\n<p><span class=\"wpcf7-form-control-wrap acceptance-866\"><input type=\"checkbox\" name=\"acceptance-866\" value=\"1\" class=\"wpcf7-form-control wpcf7-acceptance\" aria-invalid=\"false\" \/><\/span><span style=\"color: #000000;margin:20px 0;\">&nbsp;&nbsp;*Presa visione dell'<a style=\"color:#000; font-weight:400;\" href=\"informativa-sulla-privacy\">informativa privacy<\/a>, esprimo il consenso al trattamento dei dati per finalit\u00e0 di marketing\/promozionali. <\/span><\/p>\n<div class=\"wpcf7-form-control-wrap\"><div data-sitekey=\"6LeNAUMsAAAAADQ4wKO5Szg57TTZBA2LSxWvbCO0\" class=\"wpcf7-form-control g-recaptcha wpcf7-recaptcha\"><\/div>\n<noscript>\n\t<div style=\"width: 302px; height: 422px;\">\n\t\t<div style=\"width: 302px; height: 422px; position: relative;\">\n\t\t\t<div style=\"width: 302px; height: 422px; position: absolute;\">\n\t\t\t\t<iframe src=\"https:\/\/www.google.com\/recaptcha\/api\/fallback?k=6LeNAUMsAAAAADQ4wKO5Szg57TTZBA2LSxWvbCO0\" frameborder=\"0\" scrolling=\"no\" style=\"width: 302px; height:422px; border-style: none;\">\n\t\t\t\t<\/iframe>\n\t\t\t<\/div>\n\t\t\t<div style=\"width: 300px; height: 60px; border-style: none; bottom: 12px; left: 25px; margin: 0px; padding: 0px; right: 25px; background: #f9f9f9; border: 1px solid #c1c1c1; border-radius: 3px;\">\n\t\t\t\t<textarea id=\"g-recaptcha-response\" name=\"g-recaptcha-response\" class=\"g-recaptcha-response\" style=\"width: 250px; height: 40px; border: 1px solid #c1c1c1; margin: 10px 25px; padding: 0px; resize: none;\">\n\t\t\t\t<\/textarea>\n\t\t\t<\/div>\n\t\t<\/div>\n\t<\/div>\n<\/noscript>\n<\/div>\n<p><input type=\"submit\" value=\"Invia\" class=\"wpcf7-form-control wpcf7-submit inviofooter\" \/><\/p>\n<div class=\"wpcf7-response-output wpcf7-display-none\"><\/div><\/form><\/div>[\/vc_column_inner][\/vc_row_inner][vc_empty_space][\/vc_column][\/vc_row]<\/p>\n","protected":false},"excerpt":{"rendered":"<p>[vc_row][vc_column][vc_column_text] [\/vc_column_text][vc_column_text] Dyrecta Lab\u00a0\u00e8 una societ\u00e0 composta da un team di 40 elementi\u00a0creativi, dinamici\u00a0ed altamente qualificati. L&#8217;istituto di Ricerca \u00e8&#8230;<\/p>\n","protected":false},"author":1,"featured_media":0,"parent":0,"menu_order":0,"comment_status":"closed","ping_status":"closed","template":"","meta":[],"_links":{"self":[{"href":"https:\/\/www.dyrecta.com\/lab\/wp-json\/wp\/v2\/pages\/247"}],"collection":[{"href":"https:\/\/www.dyrecta.com\/lab\/wp-json\/wp\/v2\/pages"}],"about":[{"href":"https:\/\/www.dyrecta.com\/lab\/wp-json\/wp\/v2\/types\/page"}],"author":[{"embeddable":true,"href":"https:\/\/www.dyrecta.com\/lab\/wp-json\/wp\/v2\/users\/1"}],"replies":[{"embeddable":true,"href":"https:\/\/www.dyrecta.com\/lab\/wp-json\/wp\/v2\/comments?post=247"}],"version-history":[{"count":71,"href":"https:\/\/www.dyrecta.com\/lab\/wp-json\/wp\/v2\/pages\/247\/revisions"}],"predecessor-version":[{"id":8833,"href":"https:\/\/www.dyrecta.com\/lab\/wp-json\/wp\/v2\/pages\/247\/revisions\/8833"}],"wp:attachment":[{"href":"https:\/\/www.dyrecta.com\/lab\/wp-json\/wp\/v2\/media?parent=247"}],"curies":[{"name":"wp","href":"https:\/\/api.w.org\/{rel}","templated":true}]}}