{"id":1182,"date":"2016-09-02T12:21:16","date_gmt":"2016-09-02T10:21:16","guid":{"rendered":"https:\/\/dyrecta.com\/lab\/?page_id=1182"},"modified":"2020-06-15T12:14:33","modified_gmt":"2020-06-15T10:14:33","slug":"system-integration","status":"publish","type":"page","link":"https:\/\/www.dyrecta.com\/lab\/system-integration\/","title":{"rendered":"System Integration"},"content":{"rendered":"<p>[vc_row css=&#8221;.vc_custom_1473070964965{margin-top: -20px !important;}&#8221;][vc_column][vc_column_text]<img class=\"alignleft wp-image-2150 size-full\" src=\"https:\/\/www.dyrecta.com\/lab\/wp-content\/uploads\/2016\/09\/systemIntegration.jpg\" width=\"100%\" srcset=\"https:\/\/www.dyrecta.com\/lab\/wp-content\/uploads\/2016\/09\/systemIntegration.jpg 1200w, https:\/\/www.dyrecta.com\/lab\/wp-content\/uploads\/2016\/09\/systemIntegration-300x100.jpg 300w, https:\/\/www.dyrecta.com\/lab\/wp-content\/uploads\/2016\/09\/systemIntegration-768x256.jpg 768w, https:\/\/www.dyrecta.com\/lab\/wp-content\/uploads\/2016\/09\/systemIntegration-1024x341.jpg 1024w\" sizes=\"(max-width: 1200px) 100vw, 1200px\" \/>[\/vc_column_text][\/vc_column][\/vc_row][vc_row][vc_column width=&#8221;1\/2&#8243;][vc_empty_space][vc_column_text] Siamo specializzati in attivit\u00e0 di\u00a0<b>System Integration<\/b>, ovvero abbiamo le competenze per far dialogare diversi sistemi eterogenei, informatici ed elettronici.<\/p>\n<p>Dopo un\u2019attenta fase di analisi dei processi interessati dall\u2019integrazione, sviluppiamo soluzioni tecnologiche personalizzate e flessibili ad ogni esigenza.<\/p>\n<p>L\u2019integrazione di sistemi eterogenei permette di creare nuovi impianti con funzionalit\u00e0 e potenzialit\u00e0 che sono la somma delle funzionalit\u00e0 e delle caratteristiche dei sistemi d\u2019origine.[\/vc_column_text][\/vc_column][vc_column width=&#8221;1\/2&#8243;][vc_empty_space][vc_column_text] La nostra priorit\u00e0 non \u00e8 soltanto risolvere problemi legati all\u2019hardware e al software nei vari domini \u00a0applicativi, ma \u00e8 anche instaurare un rapporto di collaborazione con il cliente, per raggiungere obiettivi di qualit\u00e0, in tempi e costi prefissati.<\/p>\n<p>Selezioniamo le tecnologie idonee a livello hardware e software per sviluppare le soluzioni integrate necessarie, affinch\u00e9 oltre a risolvere le problematiche aziendali, si punti ad ottimizzare i processi organizzativi a supporto della soluzione progettata.[\/vc_column_text][\/vc_column][\/vc_row][vc_row][vc_column width=&#8221;1\/2&#8243;][vc_single_image image=&#8221;2153&#8243; img_size=&#8221;full&#8221; alignment=&#8221;center&#8221;][\/vc_column][vc_column width=&#8221;1\/2&#8243;][vc_single_image image=&#8221;2155&#8243; img_size=&#8221;full&#8221; alignment=&#8221;center&#8221;][\/vc_column][\/vc_row][vc_row][vc_column][vc_empty_space][vc_column_text][\/vc_column_text][\/vc_column][\/vc_row][vc_row css=&#8221;.vc_custom_1473072176070{margin-bottom: -35px !important;padding-top: 35px !important;padding-bottom: 0px !important;background-color: #262626 !important;}&#8221;][vc_column][vc_column_text]<\/p>\n<h2 style=\"color: white; text-align: center;\">Vorresti capire come possiamo aiutarti a rafforzare la tua azienda?<\/h2>\n<p>[\/vc_column_text][vc_btn title=&#8221;Contattaci&#8221; color=&#8221;white&#8221; size=&#8221;lg&#8221; align=&#8221;center&#8221; link=&#8221;url:http%3A%2F%2Fdyrecta.com\/lab%2Fcontatti%2F|||&#8221;][vc_empty_space height=&#8221;20px&#8221;][\/vc_column][\/vc_row]<\/p>\n","protected":false},"excerpt":{"rendered":"<p>[vc_row css=&#8221;.vc_custom_1473070964965{margin-top: -20px !important;}&#8221;][vc_column][vc_column_text][\/vc_column_text][\/vc_column][\/vc_row][vc_row][vc_column width=&#8221;1\/2&#8243;][vc_empty_space][vc_column_text] Siamo specializzati in attivit\u00e0 di\u00a0System Integration, ovvero abbiamo le competenze per far dialogare diversi sistemi&#8230;<\/p>\n","protected":false},"author":2,"featured_media":0,"parent":0,"menu_order":0,"comment_status":"closed","ping_status":"closed","template":"","meta":[],"_links":{"self":[{"href":"https:\/\/www.dyrecta.com\/lab\/wp-json\/wp\/v2\/pages\/1182"}],"collection":[{"href":"https:\/\/www.dyrecta.com\/lab\/wp-json\/wp\/v2\/pages"}],"about":[{"href":"https:\/\/www.dyrecta.com\/lab\/wp-json\/wp\/v2\/types\/page"}],"author":[{"embeddable":true,"href":"https:\/\/www.dyrecta.com\/lab\/wp-json\/wp\/v2\/users\/2"}],"replies":[{"embeddable":true,"href":"https:\/\/www.dyrecta.com\/lab\/wp-json\/wp\/v2\/comments?post=1182"}],"version-history":[{"count":7,"href":"https:\/\/www.dyrecta.com\/lab\/wp-json\/wp\/v2\/pages\/1182\/revisions"}],"predecessor-version":[{"id":2157,"href":"https:\/\/www.dyrecta.com\/lab\/wp-json\/wp\/v2\/pages\/1182\/revisions\/2157"}],"wp:attachment":[{"href":"https:\/\/www.dyrecta.com\/lab\/wp-json\/wp\/v2\/media?parent=1182"}],"curies":[{"name":"wp","href":"https:\/\/api.w.org\/{rel}","templated":true}]}}