{"id":1097,"date":"2016-09-01T11:24:39","date_gmt":"2016-09-01T09:24:39","guid":{"rendered":"https:\/\/dyrecta.com\/lab\/?page_id=1097"},"modified":"2026-01-13T11:00:53","modified_gmt":"2026-01-13T10:00:53","slug":"biometrics","status":"publish","type":"page","link":"https:\/\/www.dyrecta.com\/lab\/biometrics\/","title":{"rendered":"Biometrics"},"content":{"rendered":"<p>[vc_row][vc_column][vc_column_text]<\/p>\n<h3><img class=\"alignleft wp-image-2454 size-full\" style=\"margin-bottom: 30px;\" src=\"https:\/\/www.dyrecta.com\/lab\/wp-content\/uploads\/2016\/09\/biometria-1.jpg\" width=\"100%\" srcset=\"https:\/\/www.dyrecta.com\/lab\/wp-content\/uploads\/2016\/09\/biometria-1.jpg 1440w, https:\/\/www.dyrecta.com\/lab\/wp-content\/uploads\/2016\/09\/biometria-1-300x103.jpg 300w, https:\/\/www.dyrecta.com\/lab\/wp-content\/uploads\/2016\/09\/biometria-1-768x263.jpg 768w, https:\/\/www.dyrecta.com\/lab\/wp-content\/uploads\/2016\/09\/biometria-1-1024x351.jpg 1024w\" sizes=\"(max-width: 1440px) 100vw, 1440px\" \/><\/h3>\n<p style=\"text-align: justify;\">Un sistema \u00e8 detto<strong> biometrico<\/strong> quando \u00e8 in grado di <strong>riconoscere una persona<\/strong> o verificare la sua identit\u00e0 sulla base di caratteristiche fisiologiche, ad esempio <strong>l\u2019impronta digitale, la forma del volto o della mano, l\u2019iride e comportamentali, ad esempio la firma, la calligrafia, lo stile di battitura.<\/strong> Societ\u00e0 come Apple stanno investendo per eliminare le password e sostituirle con chiavi di accesso pi\u00f9 sicure. Infatti, Apple ha inserito un lettore di impronte digitali negli iPhone e ad oggi la gran parte degli smartphone Android \u00e8 dotata di un lettore di impronte digitali in sostituzione al codice di sblocco. Anche i sensori per la geometria della mano vengono attualmente utilizzati in vari contesti, ad esempio per il <strong>controllo delle presenze in ufficio<\/strong>. Infine sono stati realizzati\u00a0 sistemi per <strong>riconoscere le note manoscritte su un PDA<\/strong>, l\u2019indirizzo postale sulle buste, l\u2019importo degli assegni bancari ed altro, come la verifica di firme e l\u2019autenticazione dello scrittore appartenenti alla scienza forense.<\/p>\n<p>[\/vc_column_text][vc_media_grid element_width=&#8221;3&#8243; gap=&#8221;10&#8243; grid_id=&#8221;vc_gid:1768298319630-940de534-afb0-3&#8243; include=&#8221;9115,2460,9101,9103&#8243;][\/vc_column][\/vc_row][vc_row][vc_column][vc_wp_posts title=&#8221;I progetti&#8221; number=&#8221;&#8221; el_class=&#8221;pubblicazioni-custom&#8221; categoria=&#8221;biometrics&#8221;][vc_empty_space][vc_wp_posts title=&#8221;Pubblicazioni Scientifiche&#8221; number=&#8221;&#8221; el_class=&#8221;pubblicazioni-custom&#8221; categoria=&#8221;biometrics-pubblicazioni&#8221;][\/vc_column][\/vc_row][vc_row full_width=&#8221;stretch_row&#8221; css=&#8221;.vc_custom_1474983606599{background-image: url(https:\/\/www.dyrecta.com\/lab\/wp-content\/uploads\/2015\/05\/ContactBackground06.jpg?id=2382) !important;background-position: center !important;background-repeat: no-repeat !important;background-size: cover !important;}&#8221;][vc_column][vc_empty_space][vc_empty_space][vc_row_inner el_class=&#8221;nascondimostra&#8221;][vc_column_inner width=&#8221;1\/3&#8243;][vc_column_text]<\/p>\n<h2 style=\"text-indent: -12px!important;\"><strong>CONTATTACI<\/strong><\/h2>\n<p>Vuoi richiedere maggiori informazioni o desideri parlare con noi? Compila il form di contatto, telefonaci o inviaci un email.[\/vc_column_text][vc_column_text]<span class=\"email-contatti\">E-mail: <a href=\"mailto:info@dyrecta.com\">info@dyrecta.com<\/a><\/span><br \/>\n<span class=\"tel-contatti\">Telefono <a href=\"tel:0804958477\"> 080 495 84 77 <\/a><\/span>[\/vc_column_text][\/vc_column_inner][vc_column_inner width=&#8221;2\/3&#8243;]<div role=\"form\" class=\"wpcf7\" id=\"wpcf7-f2343-o1\" lang=\"it-IT\" dir=\"ltr\">\n<div class=\"screen-reader-response\"><\/div>\n<form action=\"\/lab\/wp-json\/wp\/v2\/pages\/1097#wpcf7-f2343-o1\" method=\"post\" class=\"wpcf7-form\" novalidate=\"novalidate\">\n<div style=\"display: none;\">\n<input type=\"hidden\" name=\"_wpcf7\" value=\"2343\" \/>\n<input type=\"hidden\" name=\"_wpcf7_version\" value=\"4.7\" \/>\n<input type=\"hidden\" name=\"_wpcf7_locale\" value=\"it_IT\" \/>\n<input type=\"hidden\" name=\"_wpcf7_unit_tag\" value=\"wpcf7-f2343-o1\" \/>\n<input type=\"hidden\" name=\"_wpnonce\" value=\"05ebb4f9ed\" \/>\n<\/div>\n<div class=\"treinput\">\n<span class=\"wpcf7-form-control-wrap text-nome\"><input type=\"text\" name=\"text-nome\" value=\"\" size=\"40\" class=\"wpcf7-form-control wpcf7-text wpcf7-validates-as-required\" aria-required=\"true\" aria-invalid=\"false\" placeholder=\"nome*\" \/><\/span><br \/>\n<span class=\"wpcf7-form-control-wrap text-cognome\"><input type=\"text\" name=\"text-cognome\" value=\"\" size=\"40\" class=\"wpcf7-form-control wpcf7-text wpcf7-validates-as-required\" aria-required=\"true\" aria-invalid=\"false\" placeholder=\"cognome*\" \/><\/span><br \/>\n<span class=\"wpcf7-form-control-wrap text-azienda\"><input type=\"text\" name=\"text-azienda\" value=\"\" size=\"40\" class=\"wpcf7-form-control wpcf7-text\" aria-invalid=\"false\" placeholder=\"azienda\" \/><\/span>\n<\/div>\n<div class=\"dueinput\">\n<span class=\"wpcf7-form-control-wrap youremail\"><input type=\"email\" name=\"youremail\" value=\"\" size=\"40\" class=\"wpcf7-form-control wpcf7-text wpcf7-email wpcf7-validates-as-required wpcf7-validates-as-email\" aria-required=\"true\" aria-invalid=\"false\" placeholder=\"email*\" \/><\/span><br \/>\n<span class=\"wpcf7-form-control-wrap text-telefono\"><input type=\"text\" name=\"text-telefono\" value=\"\" size=\"40\" class=\"wpcf7-form-control wpcf7-text\" aria-invalid=\"false\" placeholder=\"telefono\" \/><\/span>\n<\/div>\n<p><span class=\"wpcf7-form-control-wrap textarea-102\"><textarea name=\"textarea-102\" cols=\"40\" rows=\"10\" class=\"wpcf7-form-control wpcf7-textarea wpcf7-validates-as-required areaditesto\" aria-required=\"true\" aria-invalid=\"false\" placeholder=\"La tua richiesta*\"><\/textarea><\/span><\/p>\n<p><span class=\"wpcf7-form-control-wrap acceptance-866\"><input type=\"checkbox\" name=\"acceptance-866\" value=\"1\" class=\"wpcf7-form-control wpcf7-acceptance\" aria-invalid=\"false\" \/><\/span><span style=\"color: #000000;\">&nbsp;&nbsp;*Esprimo il consenso al trattamento dei dati personali e ho preso visione della <a style=\"color:#000; font-weight:400;\" href=\"informativa-sulla-privacy\">privacy policy<\/a>. <\/span><\/p>\n<p><span class=\"wpcf7-form-control-wrap acceptance-866\"><input type=\"checkbox\" name=\"acceptance-866\" value=\"1\" class=\"wpcf7-form-control wpcf7-acceptance\" aria-invalid=\"false\" \/><\/span><span style=\"color: #000000;margin:20px 0;\">&nbsp;&nbsp;*Presa visione dell'<a style=\"color:#000; font-weight:400;\" href=\"informativa-sulla-privacy\">informativa privacy<\/a>, esprimo il consenso al trattamento dei dati per finalit\u00e0 di marketing\/promozionali. <\/span><\/p>\n<div class=\"wpcf7-form-control-wrap\"><div data-sitekey=\"6LeNAUMsAAAAADQ4wKO5Szg57TTZBA2LSxWvbCO0\" class=\"wpcf7-form-control g-recaptcha wpcf7-recaptcha\"><\/div>\n<noscript>\n\t<div style=\"width: 302px; height: 422px;\">\n\t\t<div style=\"width: 302px; height: 422px; position: relative;\">\n\t\t\t<div style=\"width: 302px; height: 422px; position: absolute;\">\n\t\t\t\t<iframe src=\"https:\/\/www.google.com\/recaptcha\/api\/fallback?k=6LeNAUMsAAAAADQ4wKO5Szg57TTZBA2LSxWvbCO0\" frameborder=\"0\" scrolling=\"no\" style=\"width: 302px; height:422px; border-style: none;\">\n\t\t\t\t<\/iframe>\n\t\t\t<\/div>\n\t\t\t<div style=\"width: 300px; height: 60px; border-style: none; bottom: 12px; left: 25px; margin: 0px; padding: 0px; right: 25px; background: #f9f9f9; border: 1px solid #c1c1c1; border-radius: 3px;\">\n\t\t\t\t<textarea id=\"g-recaptcha-response\" name=\"g-recaptcha-response\" class=\"g-recaptcha-response\" style=\"width: 250px; height: 40px; border: 1px solid #c1c1c1; margin: 10px 25px; padding: 0px; resize: none;\">\n\t\t\t\t<\/textarea>\n\t\t\t<\/div>\n\t\t<\/div>\n\t<\/div>\n<\/noscript>\n<\/div>\n<p><input type=\"submit\" value=\"Invia\" class=\"wpcf7-form-control wpcf7-submit inviofooter\" \/><\/p>\n<div class=\"wpcf7-response-output wpcf7-display-none\"><\/div><\/form><\/div>[\/vc_column_inner][\/vc_row_inner][vc_empty_space][\/vc_column][\/vc_row][vc_row full_width=&#8221;stretch_row&#8221; parallax=&#8221;content-moving&#8221; css=&#8221;.vc_custom_1473342200231{margin-bottom: -39px !important;}&#8221;][vc_column][\/vc_column][\/vc_row]<\/p>\n","protected":false},"excerpt":{"rendered":"<p>[vc_row][vc_column][vc_column_text] Un sistema \u00e8 detto biometrico quando \u00e8 in grado di riconoscere una persona o verificare la sua identit\u00e0 sulla&#8230;<\/p>\n","protected":false},"author":1,"featured_media":0,"parent":0,"menu_order":0,"comment_status":"closed","ping_status":"closed","template":"page-vc.php","meta":[],"_links":{"self":[{"href":"https:\/\/www.dyrecta.com\/lab\/wp-json\/wp\/v2\/pages\/1097"}],"collection":[{"href":"https:\/\/www.dyrecta.com\/lab\/wp-json\/wp\/v2\/pages"}],"about":[{"href":"https:\/\/www.dyrecta.com\/lab\/wp-json\/wp\/v2\/types\/page"}],"author":[{"embeddable":true,"href":"https:\/\/www.dyrecta.com\/lab\/wp-json\/wp\/v2\/users\/1"}],"replies":[{"embeddable":true,"href":"https:\/\/www.dyrecta.com\/lab\/wp-json\/wp\/v2\/comments?post=1097"}],"version-history":[{"count":30,"href":"https:\/\/www.dyrecta.com\/lab\/wp-json\/wp\/v2\/pages\/1097\/revisions"}],"predecessor-version":[{"id":9116,"href":"https:\/\/www.dyrecta.com\/lab\/wp-json\/wp\/v2\/pages\/1097\/revisions\/9116"}],"wp:attachment":[{"href":"https:\/\/www.dyrecta.com\/lab\/wp-json\/wp\/v2\/media?parent=1097"}],"curies":[{"name":"wp","href":"https:\/\/api.w.org\/{rel}","templated":true}]}}